{"id":3789,"date":"2023-06-22T11:13:21","date_gmt":"2023-06-22T11:13:21","guid":{"rendered":"https:\/\/muskatie.com\/?page_id=3789"},"modified":"2023-06-22T11:13:23","modified_gmt":"2023-06-22T11:13:23","slug":"polityka-prywatnosci","status":"publish","type":"page","link":"https:\/\/muskatie.com\/index.php\/polityka-prywatnosci\/","title":{"rendered":"POLITYKA PRYWATNO\u015aCI"},"content":{"rendered":"\n<h3 class=\"wp-block-heading\">Polityka prywatno\u015bci i plik\u00f3w cookies<\/h3>\n\n\n\n<p><br>Informacje og\u00f3lne<br>Niniejsza Polityka prywatno\u015bci i plik\u00f3w cookies okre\u015bla zasady przetwarzania i ochrony danych osobowych oraz wykorzystania plik\u00f3w cookies oraz innych technologii takich jak np.: : Google Analitycs, Facebook Pixel w zwi\u0105zku z korzystaniem przez U\u017cytkownik\u00f3w ze Strony internetowej, Sklepu oraz profili w mediach spo\u0142eczno\u015bciowych prowadzonych przez Administratora.<br>\u00a71. Definicje<br>Na potrzeby niniejszej polityki prywatno\u015bci przyjmuje si\u0119 nast\u0119puj\u0105ce znaczenie poni\u017cszych poj\u0119\u0107:<br>Administrator \u2013 muskatie Katarzyna S\u0142omka, ul. Pod\u0142\u0119ska 11B\/50, 30-865 Krak\u00f3w. NIP: 679 283 06 99<br>Strona internetowa \u2013 serwis dost\u0119pny pod adresem www.muskatie.com<br>Sklep \u2013 sklep internetowy dost\u0119pny pod adresem www.sklep.muskatie.com&nbsp;<br>U\u017cytkownik \u2013 ka\u017cdy podmiot, kt\u00f3ry przegl\u0105da zawarto\u015b\u0107 Strony internetowej.<br>RODO \u2013 Rozporz\u0105dzenie Parlamentu Europejskiego i&nbsp;Rady (UE) 2016\/679 z&nbsp;dnia 27 kwietnia 2016 r. w&nbsp;sprawie ochrony os\u00f3b fizycznych w&nbsp;zwi\u0105zku z&nbsp;przetwarzaniem danych osobowych i&nbsp;w sprawie swobodnego przep\u0142ywu takich danych oraz uchylenia dyrektywy 95\/46\/WE<\/p>\n\n\n\n<p>\u00a72. Dane osobowe<br>Administratorem danych osobowych U\u017cytkownika w rozumieniu RODO jest Administrator.\u00a0<br>U\u017cytkownik mo\u017ce przekazywa\u0107 swoje dane osobowe Administratorowi mi\u0119dzy innymi za pomoc\u0105 formularzy dost\u0119pnych na Stronie internetowej oraz Sklepie, a tak\u017ce takich rozwi\u0105za\u0144, jak komunikatory internetowe i profile w mediach spo\u0142eczno\u015bciowych.\u00a0<br>Podstaw\u0105 prawn\u0105 przetwarzania danych osobowych U\u017cytkownik\u00f3w jest dobrowolna, konkretna, \u015bwiadoma i jednoznaczna zgoda U\u017cytkownika wyra\u017cona za pomoc\u0105 odpowiedniego formularza na Stronie internetowej.\u00a0<br>Dane osobowe mog\u0105 by\u0107 przetwarzane tak\u017ce w przypadkach, w kt\u00f3rych Administrator jest upowa\u017cniony do przetwarzania danych osobowych na podstawie przepis\u00f3w prawa lub w celu realizacji zawartej pomi\u0119dzy stronami umowy, a tak\u017ce na podstawie prawnie uzasadnionego interesu realizowanego przez administratora. W szczeg\u00f3lno\u015bci:\u00a0<br><br>FORMULARZ KONTAKTOWY<\/p>\n\n\n\n<p>Dane osobowe przekazywane Administratorowi przez U\u017cytkownika w ramach formularza kontaktowego lub w wiadomo\u015bci email wys\u0142anej na adres Administratora podany na Stronie internetowej przetwarzane s\u0105 w celu udzielenia odpowiedzi na wys\u0142ane zapytanie. Podanie danych osobowych przez U\u017cytkownika jest dobrowolne, ale niezb\u0119dne, by U\u017cytkownik otrzyma\u0142 odpowied\u017a. Przetwarzanie danych w tym celu odbywa si\u0119 na podstawie prawnie uzasadnionego interesu realizowanego przez administratora (Art.6 ust.1 lit. f RODO). Dane te b\u0119d\u0105 przetwarzane do czasu zako\u0144czenia korespondencji oraz 3 lat od jej zako\u0144czenia. \u2013 nie wpisuj tutaj zbyt odleg\u0142ego terminu, to powinien by\u0107 termin uzasadniony i w razie kontroli powinna\u015b umie\u0107 uzasadni\u0107 ten termin np. 2 lub 3 lata po zako\u0144czeniu korespondencji jest takim uzasadnionym terminem, bo maksymalnie po takim czasie takie osoby wracaj\u0105 do Ciebie z kolejnymi zapytaniami.<\/p>\n\n\n\n<p><br>Administrator mo\u017ce powierzy\u0107 dane osobowe innym podmiotom, z pomoc\u0105 kt\u00f3rych realizuje wskazane w poprzednich punktach cele (np. firmom dostarczaj\u0105cym us\u0142ug\u0119 hostingu, firmie ksi\u0119gowej, firmom kurierskim, firmie dostarczaj\u0105cej aplikacj\u0119 do emailingu).<br>Dane osobowe U\u017cytkownika nie b\u0119d\u0105 przekazywane do odbiorc\u00f3w z pa\u0144stw trzecich ani organizacji mi\u0119dzynarodowych, kt\u00f3re nie zapewniaj\u0105 odpowiedniego stopnia ochrony. Odpowiedni stopie\u0144 ochrony musi by\u0107 potwierdzony odpowiedni\u0105 decyzj\u0105 Komisji Europejskiej lub innym wi\u0105\u017c\u0105cym instrumentem prawnym.<\/p>\n\n\n\n<p><br>Administrator gwarantuje poufno\u015b\u0107 wszelkich przekazanych mu danych osobowych.\u00a0<br>Dane osobowe s\u0105 gromadzone z nale\u017cyt\u0105 staranno\u015bci\u0105 i odpowiednio chronione przed dost\u0119pem przez osoby do tego nieupowa\u017cnione, a ich przetwarzanie odbywa si\u0119 zgodnie oraz na warunkach okre\u015blonych szczeg\u00f3\u0142owo w:\u00a0<br>Rozporz\u0105dzeniu Parlamentu Europejskiego i\u00a0Rady (UE) 2016\/679 z\u00a0dnia 27 kwietnia 2016 r. w\u00a0sprawie ochrony os\u00f3b fizycznych w\u00a0zwi\u0105zku z\u00a0przetwarzaniem danych osobowych i\u00a0w sprawie swobodnego przep\u0142ywu takich danych oraz uchylenia dyrektywy 95\/46\/WE,<br>ustawie z dnia 18 lipca 2002 o \u015bwiadczenie us\u0142ug drog\u0105 elektroniczn\u0105,<br>ustawie z dnia 10 maja 2018 o ochronie danych osobowych.<\/p>\n\n\n\n<p>\u00a73. Prawa u\u017cytkownika<br>U\u017cytkownikowi przys\u0142uguj\u0105 prawa zwi\u0105zane z przetwarzaniem jego danych osobowych, w&nbsp;tym:&nbsp;<br>prawo dost\u0119pu do danych&nbsp;<br>prawo do poprawienia danych<br>prawo do ograniczenia przetwarzania danych<br>prawo do sprzeciwu wobec przetwarzania danych<br>prawo do usuni\u0119cia danych (tzw. prawo do bycia zapomnianym)<br>prawo do przenoszenia danych<br>prawo do wniesienia skargi do organu nadzorczego w zwi\u0105zku z przetwarzaniem danych osobowych przez Administratora<br>U\u017cytkownik ma prawo do cofni\u0119cia swojej zgody w ka\u017cdej chwili, je\u015bli U\u017cytkownik uprzednio j\u0105 wyrazi\u0142.&nbsp;<br>W celu realizacji swoich praw U\u017cytkownik powinien skierowa\u0107 odpowiednie \u017c\u0105danie na adres: kontakt@muskatie.com<\/p>\n\n\n\n<p>\u00a74. Pliki cookies i inne informacje<br>Podczas korzystania przez U\u017cytkownika ze Strony internetowej automatycznie zbierane s\u0105&nbsp;dane dotycz\u0105ce U\u017cytkownika. Do tych danych zalicza si\u0119 m.in.: adres IP, nazwa domeny, typ przegl\u0105darki, typ systemu operacyjnego. Dane te mog\u0105 by\u0107 zbierane przez pliki cookies (tzw.&nbsp;ciasteczka), a tak\u017ce mog\u0105 by\u0107 zapisywane w logach serwera.<br>Pliki cookies (tzw. ciasteczka) to pliki wysy\u0142ane do komputera lub innego urz\u0105dzenia (np.&nbsp;laptop, smartfon, tablet) U\u017cytkownika i tam zapisywane podczas przegl\u0105dania Strony internetowej. Pliki&nbsp;cookie zapami\u0119tuj\u0105 preferencje i zachowania U\u017cytkownika, co umo\u017cliwia podnoszenie jako\u015bci \u015bwiadczonych us\u0142ug, poprawianie wynik\u00f3w wyszukiwania i trafno\u015bci wy\u015bwietlanych informacji, w tym reklam, oraz anonimowe \u015bledzenie preferencji U\u017cytkownika. Aktualna lista stosowanych na Stronie internetowej plik\u00f3w cookies dost\u0119pna jest za po\u015brednictwem paska cookie udost\u0119pnionego na Stornie internetowej.&nbsp;<br>U\u017cytkownik zgod\u0119 na stosowanie plik\u00f3w cookies na jego urz\u0105dzeniu ko\u0144cowym mo\u017ce wyrazi\u0107 za pomoc\u0105 paska cookie udost\u0119pnionego na Stronie internetowej. Mo\u017ce to zrobi\u0107 tak\u017ce za pomoc\u0105 ustawie\u0144 przegl\u0105darki zainstalowanej na urz\u0105dzeniu U\u017cytkownika. W taki sam spos\u00f3b U\u017cytkownik mo\u017ce w ka\u017cdej chwili swoj\u0105 zgod\u0119 cofn\u0105\u0107 lub zmieni\u0107 jej zakres.&nbsp;<br>U\u017cytkownik mo\u017ce r\u00f3nie\u017c usun\u0105\u0107 istniej\u0105ce pliki cookies ze swojego urz\u0105dzenia, korzystaj\u0105c z&nbsp;odpowiednich funkcji przegl\u0105darki internetowej, program\u00f3w s\u0142u\u017c\u0105cych w tym celu lub narz\u0119dzi dost\u0119pnych w ramach systemu operacyjnego, z kt\u00f3rego korzysta U\u017cytkownik.&nbsp;<br>Dane zapisane w logach serwera lub za pomoc\u0105 cookies nie s\u0105 \u0142\u0105czone przez Administratora w \u017caden spos\u00f3b z&nbsp;konkretnymi U\u017cytkownikami Strony internetowej i nie s\u0105 wykorzystywane przez niego w celu identyfikacji U\u017cytkownika. Logi serwera s\u0142u\u017c\u0105 do administrowania Stron\u0105 internetow\u0105, a ich zawarto\u015b\u0107 nie jest ujawniania nikomu poza osobami upowa\u017cnionymi do administrowania serwerem.&nbsp;<br>Na Stronie internetowej s\u0105 stosowane technologie rejestruj\u0105ce anonimowo dzia\u0142ania podejmowane przez U\u017cytkownika podczas korzystania ze Strony internetowej. S\u0105 to m.in.:&nbsp;<br>Google Analitysc \u2013 stosowana w celu analizowania statystyk Strony internetowej<br>Facebook Pixel \u2013 stosowana w celu zarz\u0105dzania i optymalizacji reklamy na Facebooku&nbsp;<br>Dane uzyskane przez te narz\u0119dzia nie s\u0105 \u0142\u0105czone w \u017caden spos\u00f3b z konkretnymi U\u017cytkownikami Strony internetowej i nie s\u0105 wykorzystywane przez Administratora w celu identyfikacji U\u017cytkownika.<br>Konsekwencj\u0105 zastosowania technologii wymienionych w \u00a7 3 pkt. 7 b\u0119dzie zoptymalizowanie Strony internetowej, jej tre\u015bci oraz oferty Produkt\u00f3w do potrzeb U\u017cytkownika.<\/p>\n\n\n\n<p>\u00a75. Cel wykorzystania danych<br>Dane podane przez U\u017cytkownika lub zbierane automatycznie Administrator wykorzystuje w celu:<br>prawid\u0142owego funkcjonowania, konfiguracji, bezpiecze\u0144stwa Strony internetowej,<br>monitorowania stanu sesji,<br>analiz, bada\u0144&nbsp;i audytu wy\u015bwietle\u0144 Strony internetowej,&nbsp;<br>realizacji um\u00f3w zawartych za pomoc\u0105 Strony internetowej&nbsp;<br>a tak\u017ce w celach statystycznych i marketingowych.<\/p>\n\n\n\n<p>\u00a76. Postanowienia ko\u0144cowe<br>W niniejszym dokumencie mog\u0105 nast\u0105pi\u0107 zmiany, na kt\u00f3re mo\u017ce wp\u0142yn\u0105\u0107 rozw\u00f3j technologii internetowej, zmiany prawa w zakresie ochrony danych osobowych oraz rozw\u00f3j naszej Strony internetowej i Sklepu. Wszelkie zmiany b\u0119d\u0105 komunikowane U\u017cytkownikom niezw\u0142ocznie w spos\u00f3b widoczny i zrozumia\u0142y.&nbsp;<br>Wszelkie pytania lub uwagi dotycz\u0105ce Polityki prywatno\u015bci i plik\u00f3w cookies prosimy kierowa\u0107 na adres: kontakt@muskatie.com<\/p>\n","protected":false},"excerpt":{"rendered":"<p>Polityka prywatno\u015bci i plik\u00f3w cookies Informacje og\u00f3lneNiniejsza Polityka prywatno\u015bci i plik\u00f3w cookies okre\u015bla zasady przetwarzania i ochrony danych osobowych oraz wykorzystania plik\u00f3w cookies oraz innych technologii takich jak np.: : Google Analitycs, Facebook Pixel w zwi\u0105zku z korzystaniem przez U\u017cytkownik\u00f3w ze Strony internetowej, Sklepu oraz profili w mediach spo\u0142eczno\u015bciowych prowadzonych przez Administratora.\u00a71. DefinicjeNa potrzeby niniejszej [&hellip;]<\/p>\n","protected":false},"author":1,"featured_media":0,"parent":0,"menu_order":0,"comment_status":"closed","ping_status":"closed","template":"","meta":{"site-sidebar-layout":"default","site-content-layout":"","ast-site-content-layout":"default","site-content-style":"default","site-sidebar-style":"default","ast-global-header-display":"","ast-banner-title-visibility":"","ast-main-header-display":"","ast-hfb-above-header-display":"","ast-hfb-below-header-display":"","ast-hfb-mobile-header-display":"","site-post-title":"","ast-breadcrumbs-content":"","ast-featured-img":"","footer-sml-layout":"","theme-transparent-header-meta":"","adv-header-id-meta":"","stick-header-meta":"","header-above-stick-meta":"","header-main-stick-meta":"","header-below-stick-meta":"","astra-migrate-meta-layouts":"default","ast-page-background-enabled":"default","ast-page-background-meta":{"desktop":{"background-color":"var(--ast-global-color-4)","background-image":"","background-repeat":"repeat","background-position":"center center","background-size":"auto","background-attachment":"scroll","background-type":"","background-media":"","overlay-type":"","overlay-color":"","overlay-opacity":"","overlay-gradient":""},"tablet":{"background-color":"","background-image":"","background-repeat":"repeat","background-position":"center center","background-size":"auto","background-attachment":"scroll","background-type":"","background-media":"","overlay-type":"","overlay-color":"","overlay-opacity":"","overlay-gradient":""},"mobile":{"background-color":"","background-image":"","background-repeat":"repeat","background-position":"center center","background-size":"auto","background-attachment":"scroll","background-type":"","background-media":"","overlay-type":"","overlay-color":"","overlay-opacity":"","overlay-gradient":""}},"ast-content-background-meta":{"desktop":{"background-color":"var(--ast-global-color-5)","background-image":"","background-repeat":"repeat","background-position":"center center","background-size":"auto","background-attachment":"scroll","background-type":"","background-media":"","overlay-type":"","overlay-color":"","overlay-opacity":"","overlay-gradient":""},"tablet":{"background-color":"var(--ast-global-color-5)","background-image":"","background-repeat":"repeat","background-position":"center center","background-size":"auto","background-attachment":"scroll","background-type":"","background-media":"","overlay-type":"","overlay-color":"","overlay-opacity":"","overlay-gradient":""},"mobile":{"background-color":"var(--ast-global-color-5)","background-image":"","background-repeat":"repeat","background-position":"center center","background-size":"auto","background-attachment":"scroll","background-type":"","background-media":"","overlay-type":"","overlay-color":"","overlay-opacity":"","overlay-gradient":""}},"footnotes":""},"class_list":["post-3789","page","type-page","status-publish","hentry"],"_links":{"self":[{"href":"https:\/\/muskatie.com\/index.php\/wp-json\/wp\/v2\/pages\/3789","targetHints":{"allow":["GET"]}}],"collection":[{"href":"https:\/\/muskatie.com\/index.php\/wp-json\/wp\/v2\/pages"}],"about":[{"href":"https:\/\/muskatie.com\/index.php\/wp-json\/wp\/v2\/types\/page"}],"author":[{"embeddable":true,"href":"https:\/\/muskatie.com\/index.php\/wp-json\/wp\/v2\/users\/1"}],"replies":[{"embeddable":true,"href":"https:\/\/muskatie.com\/index.php\/wp-json\/wp\/v2\/comments?post=3789"}],"version-history":[{"count":1,"href":"https:\/\/muskatie.com\/index.php\/wp-json\/wp\/v2\/pages\/3789\/revisions"}],"predecessor-version":[{"id":3790,"href":"https:\/\/muskatie.com\/index.php\/wp-json\/wp\/v2\/pages\/3789\/revisions\/3790"}],"wp:attachment":[{"href":"https:\/\/muskatie.com\/index.php\/wp-json\/wp\/v2\/media?parent=3789"}],"curies":[{"name":"wp","href":"https:\/\/api.w.org\/{rel}","templated":true}]}}